{"id":20,"date":"2024-12-02T13:52:49","date_gmt":"2024-12-02T11:52:49","guid":{"rendered":"https:\/\/luoto.info\/saimaa\/?page_id=20"},"modified":"2025-01-15T13:45:06","modified_gmt":"2025-01-15T11:45:06","slug":"saavutettavuusseloste","status":"publish","type":"page","link":"https:\/\/luoto.info\/saimaa\/saavutettavuusseloste\/","title":{"rendered":"Saavutettavuusseloste"},"content":{"rendered":"\n\n<section id=\"block_5c9d463a2b4a6f0d080487bfce8b763e\" class=\"block-listing-accordion relative pt-4 md:pt-6 lg:pt-8 pb-4 md:pb-6 lg:pb-8 is_default none\">\n  <div class=\"container text-black\">\n\n    <div>\n              <div class=\"relative\">\n          <figure class=\"md:col-span-12 h-[500px]\">\n            <img loading=\"lazy\" decoding=\"async\" width=\"1024\" height=\"683\" src=\"https:\/\/luoto.info\/saimaa\/wp-content\/uploads\/sites\/12\/2025\/01\/Luoto_MGL5459-1-2048x1366-1.jpg\" class=\"w-full h-full object-cover rounded-t-2xl\" alt=\"Nainen istuu\" style=\"object-position: 50% 50%;\" srcset=\"https:\/\/luoto.info\/saimaa\/wp-content\/uploads\/sites\/12\/2025\/01\/Luoto_MGL5459-1-2048x1366-1.jpg 2048w, https:\/\/luoto.info\/saimaa\/wp-content\/uploads\/sites\/12\/2025\/01\/Luoto_MGL5459-1-2048x1366-1-720x480.jpg 720w, https:\/\/luoto.info\/saimaa\/wp-content\/uploads\/sites\/12\/2025\/01\/Luoto_MGL5459-1-2048x1366-1-320x213.jpg 320w, https:\/\/luoto.info\/saimaa\/wp-content\/uploads\/sites\/12\/2025\/01\/Luoto_MGL5459-1-2048x1366-1-450x300.jpg 450w\" sizes=\"auto, (max-width: 1024px) 100vw, 1024px\" \/>          <\/figure>\n                      <img decoding=\"async\" class=\"absolute top-4 right-4 h-16 w-auto\" src=\"https:\/\/luoto.info\/saimaa\/wp-content\/themes\/luoto\/assets\/svg\/luoto.svg\">\n                  <\/div>\n            <div class=\"relative bg-blue text-white p-6 md:p-12 grid md:grid-cols-12 rounded-2xl -mt-4\">\n        <div class=\"md:col-span-8 md:col-start-3 text-center\">\n                      <h1 class=\"default\">Saavutettavuus<\/h1>                              \t\t<div class=\"w-full\" x-data=\"{selected:null}\">\n\t\t<ul class=\"m-0 p-0 list-none grid grid-cols-1 gap-4\">\n\t\t\t\t\t\t\t        <li class=\"my-0 relative rounded-[2rem] px-8 border-2 border-white transition transition-colors\" :class=\"{'bg-transparent text-white': selected != 1, 'bg-white text-black': selected == 1 }\">\n\t\t\t\t\t<button type=\"button\" class=\"w-full py-4 text-left\" @click=\"selected !== 1 ? selected = 1 : selected = null\">\n\t\t\t\t\t\t<div class=\"flex items-center justify-between\">\n\t\t\t\t\t\t\t<span class=\"text-base md:text-xl font-bold\">Saavutettavuus sivustolla<\/span>\n\t\t\t\t\t\t\t<span class=\"flex-shrink-0 text-2xl\" x-bind:class=\"selected == 1 ? 'hidden' : ''\"><i class=\"fa-solid fa-plus\"><\/i><\/span>\n\t\t\t\t\t\t\t<span class=\"flex-shrink-0 text-2xl\" x-bind:class=\"selected == 1 ? '' : 'hidden'\"><i class=\"fa-solid fa-minus\"><\/i><\/span>\n\t\t\t\t\t\t<\/div>\n\t\t\t\t\t<\/button>\n\t\t\t\t\t<div class=\"relative overflow-hidden transition-all max-h-0 duration-500 text-black\" style=\"\" x-ref=\"container1\" x-bind:style=\"selected == 1 ? 'max-height: ' + $refs.container1.scrollHeight + 'px' : ''\">\n            <div class=\"mb-8 text-left\">\n\t\t\t\t\t\t\t<section class=\"statement__section\">T\u00e4m\u00e4 saavutettavuusseloste koskee palvelua\u00a0https:\/\/www.luoto.info\/ ja on laadittu \/ p\u00e4ivitetty 16.12.2024. Palvelua koskee laki digitaalisten palvelujen tarjoamisesta, jossa edellytet\u00e4\u00e4n, ett\u00e4 julkisten verkkopalvelujen on oltava saavutettavia.Palvelun saavutettavuuden on arvioinut ulkopuolinen asiantuntijaorganisaatio.<\/section>\n<section class=\"statement__section\"><\/section>\n<p style=\"text-align: left;\"><span class=\"lead\"><strong>Digipalvelun saavutettavuuden tila<\/strong><\/span><\/p>\n<p style=\"text-align: left;\">T\u00e4ytt\u00e4\u00e4 kaikki saavutettavuusvaatimukset.<\/p>\n<p style=\"text-align: left;\"><strong><span class=\"lead\">Huomasitko saavutettavuuspuutteen digipalvelussamme?<\/span><\/strong><\/p>\n<p style=\"text-align: left;\"><strong>Kerro se meille ja teemme parhaamme puutteen korjaamiseksi<\/strong><\/p>\n<p style=\"text-align: left;\"><strong>S\u00e4hk\u00f6postilla<\/strong><br \/>\ntiedotus@cancer.fi<\/p>\n\t\t\t\t\t\t<\/div>\n\t\t\t\t\t<\/div>\n\t\t\t\t<\/li>\t\t\t\t\t\t\t\t\t\t\t        <li class=\"my-0 relative rounded-[2rem] px-8 border-2 border-white transition transition-colors\" :class=\"{'bg-transparent text-white': selected != 2, 'bg-white text-black': selected == 2 }\">\n\t\t\t\t\t<button type=\"button\" class=\"w-full py-4 text-left\" @click=\"selected !== 2 ? selected = 2 : selected = null\">\n\t\t\t\t\t\t<div class=\"flex items-center justify-between\">\n\t\t\t\t\t\t\t<span class=\"text-base md:text-xl font-bold\">Valvontaviranomainen<\/span>\n\t\t\t\t\t\t\t<span class=\"flex-shrink-0 text-2xl\" x-bind:class=\"selected == 2 ? 'hidden' : ''\"><i class=\"fa-solid fa-plus\"><\/i><\/span>\n\t\t\t\t\t\t\t<span class=\"flex-shrink-0 text-2xl\" x-bind:class=\"selected == 2 ? '' : 'hidden'\"><i class=\"fa-solid fa-minus\"><\/i><\/span>\n\t\t\t\t\t\t<\/div>\n\t\t\t\t\t<\/button>\n\t\t\t\t\t<div class=\"relative overflow-hidden transition-all max-h-0 duration-500 text-black\" style=\"\" x-ref=\"container2\" x-bind:style=\"selected == 2 ? 'max-height: ' + $refs.container2.scrollHeight + 'px' : ''\">\n            <div class=\"mb-8 text-left\">\n\t\t\t\t\t\t\t<p style=\"text-align: left;\">Jos huomaat sivustolla saavutettavuusongelmia, anna ensin palautetta meille eli sivuston yll\u00e4pit\u00e4j\u00e4lle. Vastauksessa voi menn\u00e4 14 p\u00e4iv\u00e4\u00e4. Jos et ole tyytyv\u00e4inen saamaasi vastaukseen tai et saa vastausta lainkaan kahden viikon aikana,\u00a0<a href=\"https:\/\/www.saavutettavuusvaatimukset.fi\/oikeutesi\/\" target=\"_blank\" rel=\"noopener\">voit tehd\u00e4 ilmoituksen Etel\u00e4-Suomen aluehallintovirastoon\u00a0<span class=\"screen-reader-text\">Avautuu uuteen ikkunaan<\/span><\/a>. Etel\u00e4-Suomen aluehallintoviraston sivulla kerrotaan tarkasti, miten ilmoituksen voi tehd\u00e4 ja miten asia k\u00e4sitell\u00e4\u00e4n.<\/p>\n<h2 style=\"text-align: left;\">Valvontaviranomaisen yhteystiedot<\/h2>\n<p style=\"text-align: left;\">Etel\u00e4-Suomen aluehallintovirasto<br \/>\nSaavutettavuuden valvonnan yksikk\u00f6<br \/>\nwww.saavutettavuusvaatimukset.fi<br \/>\nsaavutettavuus(at)avi.fi<br \/>\npuhelinnumero vaihde 0295 016 000<\/p>\n\t\t\t\t\t\t<\/div>\n\t\t\t\t\t<\/div>\n\t\t\t\t<\/li>\t\t\t\t\t\t\t\t\t<\/ul>\n\t<\/div>\n        <\/div>\n      <\/div>\n    <\/div>\n\n  <\/div>\n<\/section>\n","protected":false},"excerpt":{"rendered":"","protected":false},"author":2,"featured_media":0,"parent":0,"menu_order":0,"comment_status":"closed","ping_status":"closed","template":"","meta":{"_acf_changed":false,"inline_featured_image":false,"footnotes":""},"class_list":["post-20","page","type-page","status-publish","hentry"],"acf":[],"yoast_head":"<!-- This site is optimized with the Yoast SEO plugin v27.3 - https:\/\/yoast.com\/product\/yoast-seo-wordpress\/ -->\n<title>Saavutettavuusseloste - Saimaan Sy\u00f6p\u00e4yhdistys<\/title>\n<meta name=\"robots\" content=\"index, follow, max-snippet:-1, max-image-preview:large, max-video-preview:-1\" \/>\n<link rel=\"canonical\" href=\"https:\/\/luoto.info\/saimaa\/saavutettavuusseloste\/\" \/>\n<meta property=\"og:locale\" content=\"fi_FI\" \/>\n<meta property=\"og:type\" content=\"article\" \/>\n<meta property=\"og:title\" content=\"Saavutettavuusseloste - Saimaan Sy\u00f6p\u00e4yhdistys\" \/>\n<meta property=\"og:url\" content=\"https:\/\/luoto.info\/saimaa\/saavutettavuusseloste\/\" \/>\n<meta property=\"og:site_name\" content=\"Saimaan Sy\u00f6p\u00e4yhdistys\" \/>\n<meta property=\"article:modified_time\" content=\"2025-01-15T11:45:06+00:00\" \/>\n<meta name=\"twitter:card\" content=\"summary_large_image\" \/>\n<script type=\"application\/ld+json\" class=\"yoast-schema-graph\">{\"@context\":\"https:\\\/\\\/schema.org\",\"@graph\":[{\"@type\":\"WebPage\",\"@id\":\"https:\\\/\\\/luoto.info\\\/saimaa\\\/saavutettavuusseloste\\\/\",\"url\":\"https:\\\/\\\/luoto.info\\\/saimaa\\\/saavutettavuusseloste\\\/\",\"name\":\"Saavutettavuusseloste - Saimaan Sy\u00f6p\u00e4yhdistys\",\"isPartOf\":{\"@id\":\"https:\\\/\\\/luoto.info\\\/saimaa\\\/#website\"},\"datePublished\":\"2024-12-02T11:52:49+00:00\",\"dateModified\":\"2025-01-15T11:45:06+00:00\",\"breadcrumb\":{\"@id\":\"https:\\\/\\\/luoto.info\\\/saimaa\\\/saavutettavuusseloste\\\/#breadcrumb\"},\"inLanguage\":\"fi\",\"potentialAction\":[{\"@type\":\"ReadAction\",\"target\":[\"https:\\\/\\\/luoto.info\\\/saimaa\\\/saavutettavuusseloste\\\/\"]}]},{\"@type\":\"BreadcrumbList\",\"@id\":\"https:\\\/\\\/luoto.info\\\/saimaa\\\/saavutettavuusseloste\\\/#breadcrumb\",\"itemListElement\":[{\"@type\":\"ListItem\",\"position\":1,\"name\":\"Etusivu\",\"item\":\"https:\\\/\\\/luoto.info\\\/saimaa\\\/\"},{\"@type\":\"ListItem\",\"position\":2,\"name\":\"Saavutettavuusseloste\"}]},{\"@type\":\"WebSite\",\"@id\":\"https:\\\/\\\/luoto.info\\\/saimaa\\\/#website\",\"url\":\"https:\\\/\\\/luoto.info\\\/saimaa\\\/\",\"name\":\"Saimaan Sy\u00f6p\u00e4yhdistys\",\"description\":\"\",\"potentialAction\":[{\"@type\":\"SearchAction\",\"target\":{\"@type\":\"EntryPoint\",\"urlTemplate\":\"https:\\\/\\\/luoto.info\\\/saimaa\\\/?s={search_term_string}\"},\"query-input\":{\"@type\":\"PropertyValueSpecification\",\"valueRequired\":true,\"valueName\":\"search_term_string\"}}],\"inLanguage\":\"fi\"}]}<\/script>\n<!-- \/ Yoast SEO plugin. -->","yoast_head_json":{"title":"Saavutettavuusseloste - Saimaan Sy\u00f6p\u00e4yhdistys","robots":{"index":"index","follow":"follow","max-snippet":"max-snippet:-1","max-image-preview":"max-image-preview:large","max-video-preview":"max-video-preview:-1"},"canonical":"https:\/\/luoto.info\/saimaa\/saavutettavuusseloste\/","og_locale":"fi_FI","og_type":"article","og_title":"Saavutettavuusseloste - Saimaan Sy\u00f6p\u00e4yhdistys","og_url":"https:\/\/luoto.info\/saimaa\/saavutettavuusseloste\/","og_site_name":"Saimaan Sy\u00f6p\u00e4yhdistys","article_modified_time":"2025-01-15T11:45:06+00:00","twitter_card":"summary_large_image","schema":{"@context":"https:\/\/schema.org","@graph":[{"@type":"WebPage","@id":"https:\/\/luoto.info\/saimaa\/saavutettavuusseloste\/","url":"https:\/\/luoto.info\/saimaa\/saavutettavuusseloste\/","name":"Saavutettavuusseloste - Saimaan Sy\u00f6p\u00e4yhdistys","isPartOf":{"@id":"https:\/\/luoto.info\/saimaa\/#website"},"datePublished":"2024-12-02T11:52:49+00:00","dateModified":"2025-01-15T11:45:06+00:00","breadcrumb":{"@id":"https:\/\/luoto.info\/saimaa\/saavutettavuusseloste\/#breadcrumb"},"inLanguage":"fi","potentialAction":[{"@type":"ReadAction","target":["https:\/\/luoto.info\/saimaa\/saavutettavuusseloste\/"]}]},{"@type":"BreadcrumbList","@id":"https:\/\/luoto.info\/saimaa\/saavutettavuusseloste\/#breadcrumb","itemListElement":[{"@type":"ListItem","position":1,"name":"Etusivu","item":"https:\/\/luoto.info\/saimaa\/"},{"@type":"ListItem","position":2,"name":"Saavutettavuusseloste"}]},{"@type":"WebSite","@id":"https:\/\/luoto.info\/saimaa\/#website","url":"https:\/\/luoto.info\/saimaa\/","name":"Saimaan Sy\u00f6p\u00e4yhdistys","description":"","potentialAction":[{"@type":"SearchAction","target":{"@type":"EntryPoint","urlTemplate":"https:\/\/luoto.info\/saimaa\/?s={search_term_string}"},"query-input":{"@type":"PropertyValueSpecification","valueRequired":true,"valueName":"search_term_string"}}],"inLanguage":"fi"}]}},"lang":"fi","translations":{"fi":20},"pll_sync_post":[],"_links":{"self":[{"href":"https:\/\/luoto.info\/saimaa\/wp-json\/wp\/v2\/pages\/20","targetHints":{"allow":["GET"]}}],"collection":[{"href":"https:\/\/luoto.info\/saimaa\/wp-json\/wp\/v2\/pages"}],"about":[{"href":"https:\/\/luoto.info\/saimaa\/wp-json\/wp\/v2\/types\/page"}],"author":[{"embeddable":true,"href":"https:\/\/luoto.info\/saimaa\/wp-json\/wp\/v2\/users\/2"}],"replies":[{"embeddable":true,"href":"https:\/\/luoto.info\/saimaa\/wp-json\/wp\/v2\/comments?post=20"}],"version-history":[{"count":4,"href":"https:\/\/luoto.info\/saimaa\/wp-json\/wp\/v2\/pages\/20\/revisions"}],"predecessor-version":[{"id":51,"href":"https:\/\/luoto.info\/saimaa\/wp-json\/wp\/v2\/pages\/20\/revisions\/51"}],"wp:attachment":[{"href":"https:\/\/luoto.info\/saimaa\/wp-json\/wp\/v2\/media?parent=20"}],"curies":[{"name":"wp","href":"https:\/\/api.w.org\/{rel}","templated":true}]}}